{"id":9,"date":"2018-05-30T14:42:19","date_gmt":"2018-05-30T12:42:19","guid":{"rendered":"http:\/\/lesmicrocrechesdelorge.com\/?page_id=6"},"modified":"2026-01-30T15:38:15","modified_gmt":"2026-01-30T14:38:15","slug":"accueil","status":"publish","type":"page","link":"https:\/\/lesmicrocrechesdelorge.com\/site\/","title":{"rendered":"Accueil"},"content":{"rendered":"<p><a style=\"font-weight: bold; background-color: #ffffff; font-size: 1rem;\" href=\"https:\/\/lesmicrocrechesdelorge.com\/site\/wp-content\/uploads\/2026\/01\/inscrptSept20265-banner.png\"><img loading=\"lazy\" decoding=\"async\" class=\"wp-image-582 size-large\" src=\"https:\/\/lesmicrocrechesdelorge.com\/site\/wp-content\/uploads\/2026\/01\/inscrptSept20265-banner-1024x519.png\" alt=\"\" width=\"1024\" height=\"519\" srcset=\"https:\/\/lesmicrocrechesdelorge.com\/site\/wp-content\/uploads\/2026\/01\/inscrptSept20265-banner-1024x519.png 1024w, https:\/\/lesmicrocrechesdelorge.com\/site\/wp-content\/uploads\/2026\/01\/inscrptSept20265-banner-300x152.png 300w, https:\/\/lesmicrocrechesdelorge.com\/site\/wp-content\/uploads\/2026\/01\/inscrptSept20265-banner-768x389.png 768w, https:\/\/lesmicrocrechesdelorge.com\/site\/wp-content\/uploads\/2026\/01\/inscrptSept20265-banner-1536x778.png 1536w, https:\/\/lesmicrocrechesdelorge.com\/site\/wp-content\/uploads\/2026\/01\/inscrptSept20265-banner-1260x638.png 1260w, https:\/\/lesmicrocrechesdelorge.com\/site\/wp-content\/uploads\/2026\/01\/inscrptSept20265-banner.png 2000w\" sizes=\"auto, (max-width: 1024px) 100vw, 1024px\" \/><\/a><\/p>\n<h1>Bienvenue dans notre univers<\/h1>\n<p>Une micro-cr\u00e8che est un \u00e9tablissement d\u2019accueil de jeunes enfants, qui b\u00e9n\u00e9fice d\u2019une autorisation d\u2019ouverture du Conseil d\u00e9partemental, d\u00e9livr\u00e9e suite \u00e0 un avis favorable de la Direction de la Protection Maternelle et Infantile (PMI).<br \/>\nLes micro-cr\u00e8ches de L\u2019Orge sont des structures priv\u00e9es d\u2019environ 120m\u00b2, id\u00e9alement situ\u00e9es en rez-de-chauss\u00e9e, qui peut accueillir jusqu\u2019\u00e0 12 enfants, \u00e2g\u00e9s de 10 semaines \u00e0 6 ans, en accueil r\u00e9gulier \u00e0 temps complet ou partiel.<br \/>\nLes enfants \u00e9voluent dans un environnement chaleureux et s\u00e9curisant, et b\u00e9n\u00e9ficient de la bienveillance de l\u2019\u00e9quipe encadrante dont tous les membres sont des professionnels qualifi\u00e9s et dipl\u00f4m\u00e9s de la petite Enfance.<br \/>\nLe projet \u00e9ducatif mis en place dans nos micro-cr\u00e8ches s\u2019appuie sur l\u2019esprit de la p\u00e9dagogie Montessori qui favorise l\u2019\u00e9veil des sens, l\u2019\u00e9panouissement et l\u2019autonomie de l\u2019enfant.<\/p>\n<h1>Enfance\u00a0: Nature et Culture<\/h1>\n<p style=\"text-align: center;\"><i>\u00ab\u00a0La culture ne s\u2019h\u00e9rite pas, elle s\u2019acquiert\u00a0\u00bb A.Malraux<\/i><\/p>\n<p>Notre objectif\u00a0: \u00e0 travers les arts et la litt\u00e9rature, un \u00e9veil pr\u00e9coce de vos jeunes enfants d\u00e8s la naissance, dans une ambiance familiale qui respecte le rythme de chacun. Nos structures sont\u00a0\u00e0 vocation \u00e9cologique\u00a0pour un avenir responsable pour nos enfants. Elle est fond\u00e9e sur des valeurs de tol\u00e9rance, de respect et de partage.<br \/>\nNotre vocation\u00a0: un b\u00e9b\u00e9 \u00e9panoui et des parents sereins.<\/p>\n<h1 class=\"important_title\">Places libres et inscriptions<\/h1>\n<p>R\u00e9guli\u00e8rement en cours d\u2019ann\u00e9e, des places \u00e0 temps partiel ou complet se lib\u00e8rent sur nos trois structures. Nous r\u00e9alisons des pr\u00e9-inscriptions et inscriptions tout au long de l\u2019ann\u00e9e en fonction des places disponibles. Vous trouverez ici toutes les <a href=\"https:\/\/lesmicrocrechesdelorge.com\/site\/index.php\/nous-contacter\/\">informations compl\u00e9mentaires ainsi qu&rsquo;un formulaire de demande d\u2019informations<\/a>.<\/p>\n","protected":false},"excerpt":{"rendered":"<p>Bienvenue dans notre univers Une micro-cr\u00e8che est un \u00e9tablissement d\u2019accueil de jeunes enfants, qui b\u00e9n\u00e9fice d\u2019une autorisation d\u2019ouverture du Conseil d\u00e9partemental, d\u00e9livr\u00e9e suite \u00e0 un avis favorable de la Direction de la Protection Maternelle et Infantile (PMI). Les micro-cr\u00e8ches de L\u2019Orge sont des structures priv\u00e9es d\u2019environ 120m\u00b2, id\u00e9alement situ\u00e9es en rez-de-chauss\u00e9e, qui peut accueillir jusqu\u2019\u00e0&hellip; <\/p>\n<p class=\"toivo-read-more\"><a href=\"https:\/\/lesmicrocrechesdelorge.com\/site\/\" class=\"more-link\">Lire la suite <span class=\"screen-reader-text\">Accueil<\/span><\/a><\/p>\n","protected":false},"author":1,"featured_media":0,"parent":0,"menu_order":0,"comment_status":"closed","ping_status":"closed","template":"","meta":{"footnotes":""},"class_list":{"0":"post-9","1":"page","2":"type-page","3":"status-publish","5":"entry"},"_links":{"self":[{"href":"https:\/\/lesmicrocrechesdelorge.com\/site\/index.php\/wp-json\/wp\/v2\/pages\/9","targetHints":{"allow":["GET"]}}],"collection":[{"href":"https:\/\/lesmicrocrechesdelorge.com\/site\/index.php\/wp-json\/wp\/v2\/pages"}],"about":[{"href":"https:\/\/lesmicrocrechesdelorge.com\/site\/index.php\/wp-json\/wp\/v2\/types\/page"}],"author":[{"embeddable":true,"href":"https:\/\/lesmicrocrechesdelorge.com\/site\/index.php\/wp-json\/wp\/v2\/users\/1"}],"replies":[{"embeddable":true,"href":"https:\/\/lesmicrocrechesdelorge.com\/site\/index.php\/wp-json\/wp\/v2\/comments?post=9"}],"version-history":[{"count":7,"href":"https:\/\/lesmicrocrechesdelorge.com\/site\/index.php\/wp-json\/wp\/v2\/pages\/9\/revisions"}],"predecessor-version":[{"id":586,"href":"https:\/\/lesmicrocrechesdelorge.com\/site\/index.php\/wp-json\/wp\/v2\/pages\/9\/revisions\/586"}],"wp:attachment":[{"href":"https:\/\/lesmicrocrechesdelorge.com\/site\/index.php\/wp-json\/wp\/v2\/media?parent=9"}],"curies":[{"name":"wp","href":"https:\/\/api.w.org\/{rel}","templated":true}]}}