{"id":368,"date":"2022-10-18T10:22:46","date_gmt":"2022-10-18T08:22:46","guid":{"rendered":"http:\/\/www.lesmicrocrechesdelorge.com\/?page_id=368"},"modified":"2025-09-09T12:14:43","modified_gmt":"2025-09-09T10:14:43","slug":"pre-inscription","status":"publish","type":"page","link":"https:\/\/lesmicrocrechesdelorge.com\/site\/index.php\/pre-inscription\/","title":{"rendered":"Pr\u00e9-inscription"},"content":{"rendered":"<h1>Demande d&rsquo;informations (en vue d&rsquo;une pr\u00e9-inscription)<\/h1>\n<p><img loading=\"lazy\" decoding=\"async\" class=\"aligncenter wp-image-387 size-full\" src=\"https:\/\/lesmicrocrechesdelorge.com\/site\/wp-content\/uploads\/2022\/10\/oiseau-1-1.png\" alt=\"\" width=\"153\" height=\"111\" \/><\/p>\n<div class=\"banner-info max1024\">Ce <strong>formulaire de demande d&rsquo;informations en vue d&rsquo;une pr\u00e9-inscription<\/strong> ne vous engage \u00e0 rien. Il ne s\u2019agit pas d\u2019une inscription d\u00e9finitive, mais vous place sur une <strong>liste d\u2019attente<\/strong>.<br \/>\nCeci ne vous garantit pas une place en cr\u00e8che.<\/p>\n<p class=\"has-text-align-left\">Nous vous re-contacterons dans les plus brefs d\u00e9lais. Nous restons \u00e0 votre enti\u00e8re disposition pour toutes vos questions.<\/p>\n<\/div>\n\n<div class=\"wpcf7 no-js\" id=\"wpcf7-f380-o1\" lang=\"fr-FR\" dir=\"ltr\" data-wpcf7-id=\"380\">\n<div class=\"screen-reader-response\"><p role=\"status\" aria-live=\"polite\" aria-atomic=\"true\"><\/p> <ul><\/ul><\/div>\n<form action=\"\/site\/index.php\/wp-json\/wp\/v2\/pages\/368#wpcf7-f380-o1\" method=\"post\" class=\"wpcf7-form init\" aria-label=\"Formulaire de contact\" novalidate=\"novalidate\" data-status=\"init\">\n<fieldset class=\"hidden-fields-container\"><input type=\"hidden\" name=\"_wpcf7\" value=\"380\" \/><input type=\"hidden\" name=\"_wpcf7_version\" value=\"6.1.5\" \/><input type=\"hidden\" name=\"_wpcf7_locale\" value=\"fr_FR\" \/><input type=\"hidden\" name=\"_wpcf7_unit_tag\" value=\"wpcf7-f380-o1\" \/><input type=\"hidden\" name=\"_wpcf7_container_post\" value=\"0\" \/><input type=\"hidden\" name=\"_wpcf7_posted_data_hash\" value=\"\" \/>\n<\/fieldset>\n<h3>Enfant\n<\/h3>\n<p>Pr\u00e9nom de l'enfant *\n<\/p>\n<p><span class=\"wpcf7-form-control-wrap\" data-name=\"pi-prenom\"><input size=\"40\" maxlength=\"400\" class=\"wpcf7-form-control wpcf7-text wpcf7-validates-as-required\" aria-required=\"true\" aria-invalid=\"false\" placeholder=\"Pr\u00e9nom\" value=\"\" type=\"text\" name=\"pi-prenom\" \/><\/span>\n<\/p>\n<p>Nom de l'enfant *\n<\/p>\n<p><span class=\"wpcf7-form-control-wrap\" data-name=\"pi-nom\"><input size=\"40\" maxlength=\"400\" class=\"wpcf7-form-control wpcf7-text wpcf7-validates-as-required\" aria-required=\"true\" aria-invalid=\"false\" placeholder=\"Nom\" value=\"\" type=\"text\" name=\"pi-nom\" \/><\/span>\n<\/p>\n<p>Genre *\n<\/p>\n<p><span class=\"wpcf7-form-control-wrap\" data-name=\"pi-genre\"><span class=\"wpcf7-form-control wpcf7-radio\"><span class=\"wpcf7-list-item first\"><label><span class=\"wpcf7-list-item-label\">Fille<\/span><input type=\"radio\" name=\"pi-genre\" value=\"Fille\" checked=\"checked\" \/><\/label><\/span><span class=\"wpcf7-list-item last\"><label><span class=\"wpcf7-list-item-label\">Gar\u00e7on<\/span><input type=\"radio\" name=\"pi-genre\" value=\"Gar\u00e7on\" \/><\/label><\/span><\/span><\/span>\n<\/p>\n<p>Date de naissance ou estimation *\n<\/p>\n<p><span class=\"wpcf7-form-control-wrap\" data-name=\"pi-date\"><input class=\"wpcf7-form-control wpcf7-date wpcf7-validates-as-required wpcf7-validates-as-date\" aria-required=\"true\" aria-invalid=\"false\" value=\"\" type=\"date\" name=\"pi-date\" \/><\/span>\n<\/p>\n<p>Lieu de naissance *\n<\/p>\n<p><span class=\"wpcf7-form-control-wrap\" data-name=\"pi-lieu\"><input size=\"40\" maxlength=\"400\" class=\"wpcf7-form-control wpcf7-text wpcf7-validates-as-required\" aria-required=\"true\" aria-invalid=\"false\" placeholder=\"Lieu de naissance\" value=\"\" type=\"text\" name=\"pi-lieu\" \/><\/span>\n<\/p>\n<h3>Contrat \/ Planning\n<\/h3>\n<p>Structures o\u00f9 le dossier est d\u00e9pos\u00e9 *\n<\/p>\n<p><span class=\"wpcf7-form-control-wrap\" data-name=\"pi-creche\"><span class=\"wpcf7-form-control wpcf7-checkbox wpcf7-validates-as-required\"><span class=\"wpcf7-list-item first\"><label><input type=\"checkbox\" name=\"pi-creche[]\" value=\"Structure d&#039;\u00e9veil Babilles et Gribouillages (Savigny sur Orge)\" \/><span class=\"wpcf7-list-item-label\">Structure d&#039;\u00e9veil Babilles et Gribouillages (Savigny sur Orge)<\/span><\/label><\/span><span class=\"wpcf7-list-item\"><label><input type=\"checkbox\" name=\"pi-creche[]\" value=\"Structure d&#039;\u00e9veil  Gazouilles et Patouilles (Juvisy sur Orge)\" \/><span class=\"wpcf7-list-item-label\">Structure d&#039;\u00e9veil  Gazouilles et Patouilles (Juvisy sur Orge)<\/span><\/label><\/span><span class=\"wpcf7-list-item last\"><label><input type=\"checkbox\" name=\"pi-creche[]\" value=\"Structure d&#039;\u00e9veil Frimousses et Enfantill\u2019\u00e2ges (Viry-Chatillon)\" \/><span class=\"wpcf7-list-item-label\">Structure d&#039;\u00e9veil Frimousses et Enfantill\u2019\u00e2ges (Viry-Chatillon)<\/span><\/label><\/span><\/span><\/span>\n<\/p>\n<p>Si plusieurs structures selectionn\u00e9es, et si vous avez un ordre de pr\u00e9f\u00e9rence, merci de l'indiquer ici :\n<\/p>\n<p><span class=\"wpcf7-form-control-wrap\" data-name=\"pi-ordre\"><input size=\"40\" maxlength=\"400\" class=\"wpcf7-form-control wpcf7-text\" aria-invalid=\"false\" placeholder=\"Ex : 1 Viry-Chatillon \/ 2 Savigny...\" value=\"\" type=\"text\" name=\"pi-ordre\" \/><\/span>\n<\/p>\n<p>Date d\u2019entr\u00e9e en cr\u00e8che souhait\u00e9e *\n<\/p>\n<p><span class=\"wpcf7-form-control-wrap\" data-name=\"pi-entree\"><input size=\"40\" maxlength=\"400\" class=\"wpcf7-form-control wpcf7-text wpcf7-validates-as-required\" aria-required=\"true\" aria-invalid=\"false\" placeholder=\"Date d&#039;entr\u00e9e en cr\u00e8che\" value=\"\" type=\"text\" name=\"pi-entree\" \/><\/span>\n<\/p>\n<p>Nombre de jours (pr\u00e9ciser les jours) et heures (pr\u00e9ciser la plage horaire) *\n<\/p>\n<p><span class=\"wpcf7-form-control-wrap\" data-name=\"pi-planning\"><textarea cols=\"40\" rows=\"10\" maxlength=\"2000\" class=\"wpcf7-form-control wpcf7-textarea\" aria-invalid=\"false\" name=\"pi-planning\">Par exemple :\n4 jours\nlundi 8h00-17h00\nmardi 8h00-17h00\njeudi 8h00-17h00\nvendredi 9h00-16h00<\/textarea><\/span>\n<\/p>\n<h3>Parent\n<\/h3>\n<p>Votre pr\u00e9nom *\n<\/p>\n<p><span class=\"wpcf7-form-control-wrap\" data-name=\"pi-prenom-p\"><input size=\"40\" maxlength=\"400\" class=\"wpcf7-form-control wpcf7-text wpcf7-validates-as-required\" aria-required=\"true\" aria-invalid=\"false\" placeholder=\"Pr\u00e9nom\" value=\"\" type=\"text\" name=\"pi-prenom-p\" \/><\/span>\n<\/p>\n<p>Votre nom *\n<\/p>\n<p><span class=\"wpcf7-form-control-wrap\" data-name=\"pi-nom-p\"><input size=\"40\" maxlength=\"400\" class=\"wpcf7-form-control wpcf7-text wpcf7-validates-as-required\" aria-required=\"true\" aria-invalid=\"false\" placeholder=\"Nom\" value=\"\" type=\"text\" name=\"pi-nom-p\" \/><\/span>\n<\/p>\n<p>Votre e-mail *\n<\/p>\n<p><span class=\"wpcf7-form-control-wrap\" data-name=\"pi-email\"><input size=\"40\" maxlength=\"400\" class=\"wpcf7-form-control wpcf7-email wpcf7-validates-as-required wpcf7-text wpcf7-validates-as-email\" aria-required=\"true\" aria-invalid=\"false\" placeholder=\"E-mail\" value=\"\" type=\"email\" name=\"pi-email\" \/><\/span>\n<\/p>\n<p>Votre num\u00e9ro de t\u00e9l\u00e9phone *\n<\/p>\n<p><span class=\"wpcf7-form-control-wrap\" data-name=\"pi-tel\"><input size=\"40\" maxlength=\"400\" class=\"wpcf7-form-control wpcf7-tel wpcf7-validates-as-required wpcf7-text wpcf7-validates-as-tel\" aria-required=\"true\" aria-invalid=\"false\" value=\"\" type=\"tel\" name=\"pi-tel\" \/><\/span>\n<\/p>\n<p>Nombre d'enfants \u00e0 charge *\n<\/p>\n<p><span class=\"wpcf7-form-control-wrap\" data-name=\"pi-enfants\"><input class=\"wpcf7-form-control wpcf7-number wpcf7-validates-as-required wpcf7-validates-as-number\" min=\"0\" max=\"10\" aria-required=\"true\" aria-invalid=\"false\" value=\"0\" type=\"number\" name=\"pi-enfants\" \/><\/span>\n<\/p>\n<p>Famille mono-parentale *\n<\/p>\n<p><span class=\"wpcf7-form-control-wrap\" data-name=\"pi-mono\"><span class=\"wpcf7-form-control wpcf7-radio\"><span class=\"wpcf7-list-item first\"><label><span class=\"wpcf7-list-item-label\">Non<\/span><input type=\"radio\" name=\"pi-mono\" value=\"Non\" checked=\"checked\" \/><\/label><\/span><span class=\"wpcf7-list-item last\"><label><span class=\"wpcf7-list-item-label\">Oui<\/span><input type=\"radio\" name=\"pi-mono\" value=\"Oui\" \/><\/label><\/span><\/span><\/span>\n<\/p>\n<p>Revenu Fiscal de R\u00e9f\u00e9rence (p\u00e8re et m\u00e8re) *\n<\/p>\n<p><span class=\"wpcf7-form-control-wrap\" data-name=\"pi-rfisc\"><input size=\"40\" maxlength=\"400\" class=\"wpcf7-form-control wpcf7-text wpcf7-validates-as-required\" aria-required=\"true\" aria-invalid=\"false\" placeholder=\"Revenu Fiscal de R\u00e9f\u00e9rence\" value=\"\" type=\"text\" name=\"pi-rfisc\" \/><\/span>\n<\/p>\n<p><span class=\"wpcf7-form-control-wrap\" data-name=\"pi-accept\"><span class=\"wpcf7-form-control wpcf7-checkbox wpcf7-validates-as-required important\"><span class=\"wpcf7-list-item first last\"><label><input type=\"checkbox\" name=\"pi-accept[]\" value=\"J\u2019ai lu et j\u2019approuve les r\u00e8gles de fonctionnement\" \/><span class=\"wpcf7-list-item-label\">J\u2019ai lu et j\u2019approuve les r\u00e8gles de fonctionnement<\/span><\/label><\/span><\/span><\/span><br \/>\n(Lire les <a href=\"https:\/\/lesmicrocrechesdelorge.com\/site\/index.php\/informations-utiles\/\" target=\"_blank\">R\u00e8gles de fonctionnement<\/a>)\n<\/p>\n<p><span class=\"wpcf7-form-control-wrap\" data-name=\"pi-rgpd\"><span class=\"wpcf7-form-control wpcf7-checkbox wpcf7-validates-as-required\"><span class=\"wpcf7-list-item first last\"><label><input type=\"checkbox\" name=\"pi-rgpd[]\" value=\"En soumettant ce formulaire, j\u2019accepte que mes donn\u00e9es soient utilis\u00e9es uniquement pour traiter ma demande de contact.\" \/><span class=\"wpcf7-list-item-label\">En soumettant ce formulaire, j\u2019accepte que mes donn\u00e9es soient utilis\u00e9es uniquement pour traiter ma demande de contact.<\/span><\/label><\/span><\/span><\/span><br \/>\nPour en savoir plus, consultez notre <a href=\"https:\/\/lesmicrocrechesdelorge.com\/site\/index.php\/politique-de-confidentialite\/\" target=\"_blank\">politique de confidentialit\u00e9<\/a>.\n<\/p>\n<p><input class=\"wpcf7-form-control wpcf7-submit has-spinner\" type=\"submit\" value=\"Envoyer\" \/>\n<\/p><p style=\"display: none !important;\" class=\"akismet-fields-container\" data-prefix=\"_wpcf7_ak_\"><label>&#916;<textarea name=\"_wpcf7_ak_hp_textarea\" cols=\"45\" rows=\"8\" maxlength=\"100\"><\/textarea><\/label><input type=\"hidden\" id=\"ak_js_1\" name=\"_wpcf7_ak_js\" value=\"237\"\/><script type=\"text\/javascript\">\n\/* <![CDATA[ *\/\ndocument.getElementById( \"ak_js_1\" ).setAttribute( \"value\", ( new Date() ).getTime() );\n\/* ]]> *\/\n<\/script>\n<\/p><div class=\"wpcf7-response-output\" aria-hidden=\"true\"><\/div>\n<\/form>\n<\/div>\n\n<p>&nbsp;<\/p>\n<p style=\"text-align: center;\"><a class=\"a-btn\" href=\"https:\/\/lesmicrocrechesdelorge.com\/site\/index.php\/nous-contacter\/\">Nous contacter pour informations compl\u00e9mentaires<\/a><\/p>\n<p>&nbsp;<\/p>\n","protected":false},"excerpt":{"rendered":"<p>Demande d&rsquo;informations (en vue d&rsquo;une pr\u00e9-inscription) Ce formulaire de demande d&rsquo;informations en vue d&rsquo;une pr\u00e9-inscription ne vous engage \u00e0 rien. Il ne s\u2019agit pas d\u2019une inscription d\u00e9finitive, mais vous place sur une liste d\u2019attente. Ceci ne vous garantit pas une place en cr\u00e8che. Nous vous re-contacterons dans les plus brefs d\u00e9lais. Nous restons \u00e0 votre&hellip; <\/p>\n<p class=\"toivo-read-more\"><a href=\"https:\/\/lesmicrocrechesdelorge.com\/site\/index.php\/pre-inscription\/\" class=\"more-link\">Lire la suite <span class=\"screen-reader-text\">Pr\u00e9-inscription<\/span><\/a><\/p>\n","protected":false},"author":1,"featured_media":0,"parent":0,"menu_order":0,"comment_status":"closed","ping_status":"closed","template":"","meta":{"footnotes":""},"class_list":{"0":"post-368","1":"page","2":"type-page","3":"status-publish","5":"entry"},"_links":{"self":[{"href":"https:\/\/lesmicrocrechesdelorge.com\/site\/index.php\/wp-json\/wp\/v2\/pages\/368","targetHints":{"allow":["GET"]}}],"collection":[{"href":"https:\/\/lesmicrocrechesdelorge.com\/site\/index.php\/wp-json\/wp\/v2\/pages"}],"about":[{"href":"https:\/\/lesmicrocrechesdelorge.com\/site\/index.php\/wp-json\/wp\/v2\/types\/page"}],"author":[{"embeddable":true,"href":"https:\/\/lesmicrocrechesdelorge.com\/site\/index.php\/wp-json\/wp\/v2\/users\/1"}],"replies":[{"embeddable":true,"href":"https:\/\/lesmicrocrechesdelorge.com\/site\/index.php\/wp-json\/wp\/v2\/comments?post=368"}],"version-history":[{"count":5,"href":"https:\/\/lesmicrocrechesdelorge.com\/site\/index.php\/wp-json\/wp\/v2\/pages\/368\/revisions"}],"predecessor-version":[{"id":552,"href":"https:\/\/lesmicrocrechesdelorge.com\/site\/index.php\/wp-json\/wp\/v2\/pages\/368\/revisions\/552"}],"wp:attachment":[{"href":"https:\/\/lesmicrocrechesdelorge.com\/site\/index.php\/wp-json\/wp\/v2\/media?parent=368"}],"curies":[{"name":"wp","href":"https:\/\/api.w.org\/{rel}","templated":true}]}}