{"id":326,"date":"2021-05-18T14:04:51","date_gmt":"2021-05-18T12:04:51","guid":{"rendered":"http:\/\/www.lesmicrocrechesdelorge.com\/?page_id=326"},"modified":"2021-05-18T14:04:51","modified_gmt":"2021-05-18T12:04:51","slug":"mentions-legales","status":"publish","type":"page","link":"https:\/\/lesmicrocrechesdelorge.com\/site\/index.php\/mentions-legales\/","title":{"rendered":"Mentions l\u00e9gales"},"content":{"rendered":"<h3>Gazouilles et Patouilles<\/h3>\n<p>Raison sociale : Gazouilles et Patouilles<br \/>\nAdresse : 22 rue Pasteur 91260 Juvisy sur Orge<br \/>\nAdresse e-mail : <a href=\"mailto:gazouillesetpatouilles@gmail.com\">gazouillesetpatouilles@gmail.com<\/a><br \/>\nCoordonn\u00e9es t\u00e9l\u00e9phoniques : 01 69 42 74 09<\/p>\n<p>Capital social : 1000 euros<br \/>\nNum\u00e9ro d&rsquo;inscription au Registre des Commerces et des Soci\u00e9t\u00e9s : 812 222 032 00029<br \/>\nAdresse du si\u00e8ge social : Boulevard Gabriel Peri 91170 Viry-Chatillon<br \/>\nNum\u00e9ro de TVA intracommunautaire : n\u00e9ant<br \/>\nNum\u00e9ro de carte professionnelle : n\u00e9ant<br \/>\nAutorit\u00e9 de d\u00e9livrance de la carte professionnelle : n\u00e9ant<\/p>\n<p>&nbsp;<\/p>\n<h3>Babilles et Gribouillages<\/h3>\n<p>Raison sociale : Babilles et Gribouillages<br \/>\nAdresse : 24 Grande Rue 91600 Savigny sur Orge<br \/>\nAdresse e-mail : <a href=\"mailto:babillesetgribouillages@gmail.com\">babillesetgribouillages@gmail.com<\/a><br \/>\nCoordonn\u00e9es t\u00e9l\u00e9phoniques : 01 69 44 28 48<\/p>\n<p>Capital social : 1000 euros<br \/>\nNum\u00e9ro d&rsquo;inscription au Registre des Commerces et des Soci\u00e9t\u00e9s : 798 588 315 00027<br \/>\nAdresse du si\u00e8ge social : Boulevard Gabriel Peri 91170 Viry-Chatillon<br \/>\nNum\u00e9ro de TVA intracommunautaire : n\u00e9ant<br \/>\nNum\u00e9ro de carte professionnelle : n\u00e9ant<br \/>\nAutorit\u00e9 de d\u00e9livrance de la carte professionnelle : n\u00e9ant<\/p>\n<p>&nbsp;<\/p>\n<h3>Frimousses et Enfantill\u2019\u00e2ges<\/h3>\n<p>Raison sociale : Frimousses et Enfantill&rsquo;\u00e2ges<br \/>\nAdresse : 75 rue Francoeur 91170 Viry Chatillon<br \/>\nAdresse e-mail : <a href=\"mailto:frimoussesetenfantillages@gmail.com\">frimoussesetenfantillages@gmail.com<\/a><br \/>\nCoordonn\u00e9es t\u00e9l\u00e9phoniques : 01 69 44 80 58<\/p>\n<p>Capital social : 1000 euros<br \/>\nNum\u00e9ro d&rsquo;inscription au Registre des Commerces et des Soci\u00e9t\u00e9s : 819 685 249 00024<br \/>\nAdresse du si\u00e8ge social : Boulevard Gabriel Peri 91170 Viry-Chatillon<br \/>\nNum\u00e9ro de TVA intracommunautaire : n\u00e9ant<br \/>\nNum\u00e9ro de carte professionnelle : n\u00e9ant<br \/>\nAutorit\u00e9 de d\u00e9livrance de la carte professionnelle : n\u00e9ant<\/p>\n<hr>\n<p>&nbsp;<br \/>\nLes 3 structures des micro-cr\u00e8ches de l&rsquo;Orge sont adh\u00e9rentes au REMI (Rassemblements des Entreprises de Micro-cr\u00e8ches).<\/p>\n<hr>\n<p>&nbsp;<\/p>\n<h3>M\u00e9diateur<\/h3>\n<p>M\u00e9diateur pour les 3 structures :<br \/>\nAME Conso<br \/>\n11 place Dauphine 75001 Paris<br \/>\nhttps:\/\/www.mediationconso-ame.com<\/p>\n","protected":false},"excerpt":{"rendered":"<p>Gazouilles et Patouilles Raison sociale : Gazouilles et Patouilles Adresse : 22 rue Pasteur 91260 Juvisy sur Orge Adresse e-mail : gazouillesetpatouilles@gmail.com Coordonn\u00e9es t\u00e9l\u00e9phoniques : 01 69 42 74 09 Capital social : 1000 euros Num\u00e9ro d&rsquo;inscription au Registre des Commerces et des Soci\u00e9t\u00e9s : 812 222 032 00029 Adresse du si\u00e8ge social : Boulevard&hellip; <\/p>\n<p class=\"toivo-read-more\"><a href=\"https:\/\/lesmicrocrechesdelorge.com\/site\/index.php\/mentions-legales\/\" class=\"more-link\">Lire la suite <span class=\"screen-reader-text\">Mentions l\u00e9gales<\/span><\/a><\/p>\n","protected":false},"author":1,"featured_media":0,"parent":0,"menu_order":0,"comment_status":"closed","ping_status":"closed","template":"","meta":{"footnotes":""},"class_list":{"0":"post-326","1":"page","2":"type-page","3":"status-publish","5":"entry"},"_links":{"self":[{"href":"https:\/\/lesmicrocrechesdelorge.com\/site\/index.php\/wp-json\/wp\/v2\/pages\/326","targetHints":{"allow":["GET"]}}],"collection":[{"href":"https:\/\/lesmicrocrechesdelorge.com\/site\/index.php\/wp-json\/wp\/v2\/pages"}],"about":[{"href":"https:\/\/lesmicrocrechesdelorge.com\/site\/index.php\/wp-json\/wp\/v2\/types\/page"}],"author":[{"embeddable":true,"href":"https:\/\/lesmicrocrechesdelorge.com\/site\/index.php\/wp-json\/wp\/v2\/users\/1"}],"replies":[{"embeddable":true,"href":"https:\/\/lesmicrocrechesdelorge.com\/site\/index.php\/wp-json\/wp\/v2\/comments?post=326"}],"version-history":[{"count":0,"href":"https:\/\/lesmicrocrechesdelorge.com\/site\/index.php\/wp-json\/wp\/v2\/pages\/326\/revisions"}],"wp:attachment":[{"href":"https:\/\/lesmicrocrechesdelorge.com\/site\/index.php\/wp-json\/wp\/v2\/media?parent=326"}],"curies":[{"name":"wp","href":"https:\/\/api.w.org\/{rel}","templated":true}]}}