{"id":3,"date":"2024-12-17T12:09:13","date_gmt":"2024-12-17T11:09:13","guid":{"rendered":"http:\/\/lesmicrocrechesdelorge.com\/site\/?page_id=3"},"modified":"2025-09-09T12:27:13","modified_gmt":"2025-09-09T10:27:13","slug":"politique-de-confidentialite","status":"publish","type":"page","link":"https:\/\/lesmicrocrechesdelorge.com\/site\/index.php\/politique-de-confidentialite\/","title":{"rendered":"Politique de confidentialit\u00e9"},"content":{"rendered":"\r\n<h1 class=\"wp-block-heading\" data-start=\"288\" data-end=\"355\">Politique de confidentialit\u00e9 \u2013 Micro-cr\u00e8ches de l&rsquo;Orge<\/h1>\r\n<p data-start=\"357\" data-end=\"604\">La protection de vos donn\u00e9es personnelles est une priorit\u00e9 pour les micro-cr\u00e8ches de l&rsquo;Orge.<br data-start=\"460\" data-end=\"463\" \/>Cette politique explique comment nous collectons, utilisons et prot\u00e9geons les informations que vous nous transmettez via notre site internet.<\/p>\r\n<hr data-start=\"606\" data-end=\"609\" \/>\r\n<h2 data-start=\"611\" data-end=\"642\">1. Responsable du traitement<\/h2>\r\n<p data-start=\"643\" data-end=\"772\">Le responsable de traitement est :<br \/><span style=\"font-size: 1rem;\">Raison sociale : Gazouilles et Patouilles<br \/><\/span>Adresse : 22 rue Pasteur 91260 Juvisy sur Orge<br \/>Adresse e-mail :\u00a0<a href=\"mailto:gazouillesetpatouilles@gmail.com\">gazouillesetpatouilles@gmail.com<\/a><br \/>Coordonn\u00e9es t\u00e9l\u00e9phoniques : 01 69 42 74 09<\/p>\r\n<hr data-start=\"774\" data-end=\"777\" \/>\r\n<h2 data-start=\"779\" data-end=\"803\">2. Donn\u00e9es collect\u00e9es<\/h2>\r\n<p data-start=\"804\" data-end=\"922\">Lorsque vous utilisez notre formulaire de contact, nous pouvons \u00eatre amen\u00e9s \u00e0 collecter les informations suivantes :<\/p>\r\n<ul data-start=\"923\" data-end=\"1037\">\r\n<li data-start=\"923\" data-end=\"940\">\r\n<p data-start=\"925\" data-end=\"940\">Nom et pr\u00e9nom<\/p>\r\n<\/li>\r\n<li data-start=\"941\" data-end=\"959\">\r\n<p data-start=\"943\" data-end=\"959\">Adresse e-mail<\/p>\r\n<\/li>\r\n<li data-start=\"960\" data-end=\"983\">\r\n<p data-start=\"962\" data-end=\"983\">Num\u00e9ro de t\u00e9l\u00e9phone<\/p>\r\n<\/li>\r\n<li data-start=\"984\" data-end=\"1037\">\r\n<p data-start=\"986\" data-end=\"1037\">Message ou informations que vous nous transmettez (nom et pr\u00e9nom de votre\/vos enfant(s), ainsi que leur lieu et date de naissance, revenu fiscal de r\u00e9f\u00e9rence)<\/p>\r\n<\/li>\r\n<\/ul>\r\n<hr data-start=\"1039\" data-end=\"1042\" \/>\r\n<h2 data-start=\"1044\" data-end=\"1073\">3. Finalit\u00e9 de la collecte<\/h2>\r\n<p data-start=\"1074\" data-end=\"1124\">Ces donn\u00e9es sont collect\u00e9es uniquement afin de :<\/p>\r\n<ul data-start=\"1125\" data-end=\"1265\">\r\n<li data-start=\"1125\" data-end=\"1165\">\r\n<p data-start=\"1127\" data-end=\"1165\">R\u00e9pondre \u00e0 votre demande de contact,<\/p>\r\n<\/li>\r\n<li data-start=\"1166\" data-end=\"1265\">\r\n<p data-start=\"1168\" data-end=\"1265\">Vous fournir des informations sur notre micro-cr\u00e8che, son fonctionnement et ses disponibilit\u00e9s.<\/p>\r\n<\/li>\r\n<\/ul>\r\n<p data-start=\"1267\" data-end=\"1373\">Vos donn\u00e9es ne sont pas utilis\u00e9es \u00e0 d\u2019autres fins et ne sont pas transmises \u00e0 des partenaires commerciaux.<\/p>\r\n<hr data-start=\"1375\" data-end=\"1378\" \/>\r\n<h2 data-start=\"1380\" data-end=\"1411\">4. Base l\u00e9gale du traitement<\/h2>\r\n<p data-start=\"1412\" data-end=\"1549\">Le traitement de vos donn\u00e9es repose sur <strong data-start=\"1452\" data-end=\"1474\">votre consentement<\/strong> (article 6.1.a du RGPD), exprim\u00e9 lors de l\u2019envoi du formulaire de contact.<\/p>\r\n<hr data-start=\"1551\" data-end=\"1554\" \/>\r\n<h2 data-start=\"1556\" data-end=\"1583\">5. Dur\u00e9e de conservation<\/h2>\r\n<p data-start=\"1584\" data-end=\"1729\">Vos donn\u00e9es sont conserv\u00e9es uniquement le temps n\u00e9cessaire au traitement de votre demande, et au maximum <strong data-start=\"1689\" data-end=\"1700\">12 mois<\/strong> apr\u00e8s notre dernier \u00e9change.<\/p>\r\n<hr data-start=\"1731\" data-end=\"1734\" \/>\r\n<h2 data-start=\"1736\" data-end=\"1767\">6. Destinataires des donn\u00e9es<\/h2>\r\n<p data-start=\"1768\" data-end=\"1929\">Vos donn\u00e9es sont destin\u00e9es uniquement \u00e0 l\u2019\u00e9quipe des micro-cr\u00e8ches de l&rsquo;Orge.<br data-start=\"1855\" data-end=\"1858\" \/>Elles ne seront en aucun cas c\u00e9d\u00e9es, vendues ou transmises \u00e0 des tiers.<\/p>\r\n<hr data-start=\"1931\" data-end=\"1934\" \/>\r\n<h2 data-start=\"1936\" data-end=\"1952\">7. Vos droits<\/h2>\r\n<p data-start=\"1953\" data-end=\"2062\">Conform\u00e9ment au R\u00e8glement G\u00e9n\u00e9ral sur la Protection des Donn\u00e9es (RGPD), vous disposez des droits suivants :<\/p>\r\n<ul data-start=\"2063\" data-end=\"2316\">\r\n<li data-start=\"2063\" data-end=\"2130\">\r\n<p data-start=\"2065\" data-end=\"2130\">Droit d\u2019acc\u00e8s, de rectification et d\u2019effacement de vos donn\u00e9es,<\/p>\r\n<\/li>\r\n<li data-start=\"2131\" data-end=\"2185\">\r\n<p data-start=\"2133\" data-end=\"2185\">Droit d\u2019opposition ou de limitation du traitement,<\/p>\r\n<\/li>\r\n<li data-start=\"2186\" data-end=\"2240\">\r\n<p data-start=\"2188\" data-end=\"2240\">Droit de retirer votre consentement \u00e0 tout moment,<\/p>\r\n<\/li>\r\n<li data-start=\"2241\" data-end=\"2316\">\r\n<p data-start=\"2243\" data-end=\"2316\">Droit d\u2019introduire une r\u00e9clamation aupr\u00e8s de la <strong data-start=\"2291\" data-end=\"2299\">CNIL<\/strong> (<a class=\"decorated-link cursor-pointer\" target=\"_new\" rel=\"noopener\" data-start=\"2301\" data-end=\"2312\">www.cnil.fr<\/a>).<\/p>\r\n<\/li>\r\n<\/ul>\r\n<p data-start=\"2318\" data-end=\"2406\">Pour exercer vos droits, vous pouvez nous contacter \u00e0 :<br data-start=\"2373\" data-end=\"2376\" \/><a href=\"mailto:gazouillesetpatouilles@gmail.com\">gazouillesetpatouilles@gmail.com<\/a><\/p>\r\n<hr data-start=\"2408\" data-end=\"2411\" \/>\r\n<h2 data-start=\"2413\" data-end=\"2439\">8. S\u00e9curit\u00e9 des donn\u00e9es<\/h2>\r\n<p data-start=\"2440\" data-end=\"2618\">Nous mettons en \u0153uvre toutes les mesures techniques et organisationnelles n\u00e9cessaires pour prot\u00e9ger vos donn\u00e9es contre toute perte, acc\u00e8s non autoris\u00e9, divulgation ou alt\u00e9ration.<\/p>\r\n<hr data-start=\"2620\" data-end=\"2623\" \/>\r\n<h2 data-start=\"2625\" data-end=\"2644\">9. Modifications<\/h2>\r\n<p data-start=\"2645\" data-end=\"2795\">La pr\u00e9sente politique peut \u00eatre mise \u00e0 jour afin de rester conforme \u00e0 la r\u00e9glementation en vigueur.<br data-start=\"2744\" data-end=\"2747\" \/>Nous vous invitons \u00e0 la consulter r\u00e9guli\u00e8rement.<\/p>","protected":false},"excerpt":{"rendered":"<p>Politique de confidentialit\u00e9 \u2013 Micro-cr\u00e8ches de l&rsquo;Orge La protection de vos donn\u00e9es personnelles est une priorit\u00e9 pour les micro-cr\u00e8ches de l&rsquo;Orge.Cette politique explique comment nous collectons, utilisons et prot\u00e9geons les informations que vous nous transmettez via notre site internet. 1. Responsable du traitement Le responsable de traitement est :Raison sociale : Gazouilles et PatouillesAdresse :&hellip; <\/p>\n<p class=\"toivo-read-more\"><a href=\"https:\/\/lesmicrocrechesdelorge.com\/site\/index.php\/politique-de-confidentialite\/\" class=\"more-link\">Lire la suite <span class=\"screen-reader-text\">Politique de confidentialit\u00e9<\/span><\/a><\/p>\n","protected":false},"author":1,"featured_media":0,"parent":0,"menu_order":0,"comment_status":"closed","ping_status":"open","template":"","meta":{"footnotes":""},"class_list":{"0":"post-3","1":"page","2":"type-page","3":"status-publish","5":"entry"},"_links":{"self":[{"href":"https:\/\/lesmicrocrechesdelorge.com\/site\/index.php\/wp-json\/wp\/v2\/pages\/3","targetHints":{"allow":["GET"]}}],"collection":[{"href":"https:\/\/lesmicrocrechesdelorge.com\/site\/index.php\/wp-json\/wp\/v2\/pages"}],"about":[{"href":"https:\/\/lesmicrocrechesdelorge.com\/site\/index.php\/wp-json\/wp\/v2\/types\/page"}],"author":[{"embeddable":true,"href":"https:\/\/lesmicrocrechesdelorge.com\/site\/index.php\/wp-json\/wp\/v2\/users\/1"}],"replies":[{"embeddable":true,"href":"https:\/\/lesmicrocrechesdelorge.com\/site\/index.php\/wp-json\/wp\/v2\/comments?post=3"}],"version-history":[{"count":2,"href":"https:\/\/lesmicrocrechesdelorge.com\/site\/index.php\/wp-json\/wp\/v2\/pages\/3\/revisions"}],"predecessor-version":[{"id":555,"href":"https:\/\/lesmicrocrechesdelorge.com\/site\/index.php\/wp-json\/wp\/v2\/pages\/3\/revisions\/555"}],"wp:attachment":[{"href":"https:\/\/lesmicrocrechesdelorge.com\/site\/index.php\/wp-json\/wp\/v2\/media?parent=3"}],"curies":[{"name":"wp","href":"https:\/\/api.w.org\/{rel}","templated":true}]}}