{"id":11,"date":"2018-05-30T14:43:28","date_gmt":"2018-05-30T12:43:28","guid":{"rendered":"http:\/\/lesmicrocrechesdelorge.com\/?page_id=10"},"modified":"2024-12-17T13:42:32","modified_gmt":"2024-12-17T12:42:32","slug":"structure-deveil-frimousses-et-enfantillages","status":"publish","type":"page","link":"https:\/\/lesmicrocrechesdelorge.com\/site\/index.php\/structure-deveil-frimousses-et-enfantillages\/","title":{"rendered":"Structure d\u2019\u00e9veil Frimousses et Enfantill\u2019\u00e2ges"},"content":{"rendered":"<p><img loading=\"lazy\" decoding=\"async\" class=\"aligncenter size-medium wp-image-51\" src=\"http:\/\/lesmicrocrechesdelorge.com\/wp-content\/uploads\/2018\/05\/frimousses-et-enfantillages-279x300.png\" alt=\"\" width=\"279\" height=\"300\" \/><\/p>\n<h1>Structure d\u2019Eveil Frimousses et Enfantill\u2019\u00e2ges<\/h1>\n<p style=\"text-align: center;\">Notre micro-cr\u00e8che Frimousses et Enfantill\u00e2ges a ouvert ses portes le 1er octobre 2018. Id\u00e9alement situ\u00e9e \u00e0 proximit\u00e9 de la gare, proche du Groupe scolaire Saint Louis Saint Cl\u00e9ment et au coeur du Centre ville.<\/p>\n<h1><\/h1>\n<table>\n<tbody>\n<tr>\n<td width=\"50%\"><strong>Ouverture<\/strong> : Les horaires autoris\u00e9s d\u2019ouverture sont de 07:00 &#8211; 20:00 mais la structure sera ouverte selon les horaires d\u00e9finis par les contrats des familles et les n\u00e9cessit\u00e9s du service.<\/p>\n<p><strong>T\u00e9l\u00e9phone fixe<\/strong> : 01 69 44 80 58<br \/>\n<strong>T\u00e9l\u00e9phone mobile<\/strong> : 06 73 78 75 82<\/p>\n<p><a href=\"mailto:frimoussesetenfantillages@gmail.com\">frimoussesetenfantillages@gmail.com<\/a><br \/>\n<a href=\"http:\/\/www.lesmicrocrechesdelorge.com\">www.lesmicrocrechesdelorge.com<\/a><\/td>\n<td><strong>Adresse<\/strong> : 75 rue Francoeur<br \/>\n91170 Viry Chatillon<br \/>\n<iframe loading=\"lazy\" style=\"border: 0;\" src=\"https:\/\/www.google.com\/maps\/embed?pb=!1m18!1m12!1m3!1d13439.359752211201!2d2.364162828826113!3d48.66906964839623!2m3!1f0!2f0!3f0!3m2!1i1024!2i768!4f13.1!3m3!1m2!1s0x47e5df15d36bb95d%3A0x8829b75bf72f0692!2s75+Rue+Francoeur%2C+91170+Viry-Ch%C3%A2tillon!5e0!3m2!1sfr!2sfr!4v1535536826459\" width=\"400\" height=\"300\" frameborder=\"0\" allowfullscreen=\"allowfullscreen\"><\/iframe><\/td>\n<\/tr>\n<\/tbody>\n<\/table>\n<h3>Notre Equipe encadrante<\/h3>\n<p>Gestionnaire administratif et financier : Mme Esnault<br \/>\nEducatrice Jeunes Enfants \/ Directrice : Adeline<br \/>\nAuxiliaire de Puericulture\u00a0: Sandrine<br \/>\nAssistante Petite Enfance : Gwennaelle<br \/>\nAssistante Petite Enfance : Houda<br \/>\nAssistante Petite Enfance : Hajer<br \/>\nAssistante Petite Enfance : Aur\u00e9lia<\/p>\n<h3>Un aper\u00e7u de notre espace<\/h3>\n<p><a href=\"https:\/\/lesmicrocrechesdelorge.com\/site\/video\/IMG_1081.mov\"><img loading=\"lazy\" decoding=\"async\" class=\"alignnone wp-image-212 size-thumbnail\" src=\"https:\/\/lesmicrocrechesdelorge.com\/site\/wp-content\/uploads\/2018\/10\/video-1-150x150.png\" alt=\"\" width=\"150\" height=\"150\" srcset=\"https:\/\/lesmicrocrechesdelorge.com\/site\/wp-content\/uploads\/2018\/10\/video-1-150x150.png 150w, https:\/\/lesmicrocrechesdelorge.com\/site\/wp-content\/uploads\/2018\/10\/video-1-140x140.png 140w, https:\/\/lesmicrocrechesdelorge.com\/site\/wp-content\/uploads\/2018\/10\/video-1.png 300w\" sizes=\"auto, (max-width: 150px) 100vw, 150px\" \/><\/a> <a href=\"https:\/\/lesmicrocrechesdelorge.com\/site\/wp-content\/uploads\/2018\/08\/frimoussesetenfantillages-1.jpg\"><img loading=\"lazy\" decoding=\"async\" class=\"alignnone size-thumbnail wp-image-97\" src=\"http:\/\/lesmicrocrechesdelorge.com\/wp-content\/uploads\/2018\/08\/frimoussesetenfantillages-150x150.jpg\" alt=\"\" width=\"150\" height=\"150\" \/><\/a> <a href=\"https:\/\/lesmicrocrechesdelorge.com\/site\/wp-content\/uploads\/2018\/10\/frimousseetenfantillages-1-1.jpg\"><img loading=\"lazy\" decoding=\"async\" class=\"alignnone size-thumbnail wp-image-179\" src=\"http:\/\/www.lesmicrocrechesdelorge.com\/wp-content\/uploads\/2018\/10\/frimousseetenfantillages-1-150x150.jpg\" alt=\"\" width=\"150\" height=\"150\" \/><\/a> <a href=\"https:\/\/lesmicrocrechesdelorge.com\/site\/wp-content\/uploads\/2018\/10\/frimousseetenfantillages-2-1.jpg\"><img loading=\"lazy\" decoding=\"async\" class=\"alignnone wp-image-180 size-thumbnail\" src=\"http:\/\/www.lesmicrocrechesdelorge.com\/wp-content\/uploads\/2018\/10\/frimousseetenfantillages-2-150x150.jpg\" alt=\"\" width=\"150\" height=\"150\" \/><\/a> <a href=\"https:\/\/lesmicrocrechesdelorge.com\/site\/wp-content\/uploads\/2018\/10\/frimousseetenfantillages-3-1.jpg\"><img loading=\"lazy\" decoding=\"async\" class=\"alignnone wp-image-181 size-thumbnail\" src=\"http:\/\/www.lesmicrocrechesdelorge.com\/wp-content\/uploads\/2018\/10\/frimousseetenfantillages-3-150x150.jpg\" alt=\"\" width=\"150\" height=\"150\" \/><\/a> <a href=\"https:\/\/lesmicrocrechesdelorge.com\/site\/wp-content\/uploads\/2018\/10\/frimousseetenfantillages-4-1.jpg\"><img loading=\"lazy\" decoding=\"async\" class=\"alignnone wp-image-182 size-thumbnail\" src=\"http:\/\/www.lesmicrocrechesdelorge.com\/wp-content\/uploads\/2018\/10\/frimousseetenfantillages-4-150x150.jpg\" alt=\"\" width=\"150\" height=\"150\" \/><\/a> <a href=\"https:\/\/lesmicrocrechesdelorge.com\/site\/wp-content\/uploads\/2018\/10\/frimousseetenfantillages-5-1.jpg\"><img loading=\"lazy\" decoding=\"async\" class=\"alignnone wp-image-183 size-thumbnail\" src=\"http:\/\/www.lesmicrocrechesdelorge.com\/wp-content\/uploads\/2018\/10\/frimousseetenfantillages-5-150x150.jpg\" alt=\"\" width=\"150\" height=\"150\" \/><\/a> <a href=\"https:\/\/lesmicrocrechesdelorge.com\/site\/wp-content\/uploads\/2018\/10\/frimousseetenfantillages-6-1.jpg\"><img loading=\"lazy\" decoding=\"async\" class=\"alignnone wp-image-184 size-thumbnail\" src=\"http:\/\/www.lesmicrocrechesdelorge.com\/wp-content\/uploads\/2018\/10\/frimousseetenfantillages-6-150x150.jpg\" alt=\"\" width=\"150\" height=\"150\" \/><\/a> <a href=\"https:\/\/lesmicrocrechesdelorge.com\/site\/wp-content\/uploads\/2018\/10\/frimousseetenfantillages-7-1-1.jpg\"><img loading=\"lazy\" decoding=\"async\" class=\"alignnone size-thumbnail wp-image-200\" src=\"http:\/\/www.lesmicrocrechesdelorge.com\/wp-content\/uploads\/2018\/10\/frimousseetenfantillages-7-1-150x150.jpg\" alt=\"\" width=\"150\" height=\"150\" \/><\/a> <a href=\"https:\/\/lesmicrocrechesdelorge.com\/site\/wp-content\/uploads\/2018\/10\/frimousseetenfantillages-8-1.jpg\"><img loading=\"lazy\" decoding=\"async\" class=\"alignnone wp-image-186 size-thumbnail\" src=\"http:\/\/www.lesmicrocrechesdelorge.com\/wp-content\/uploads\/2018\/10\/frimousseetenfantillages-8-150x150.jpg\" alt=\"\" width=\"150\" height=\"150\" \/><\/a> <a href=\"https:\/\/lesmicrocrechesdelorge.com\/site\/wp-content\/uploads\/2018\/10\/frimousseetenfantillages-9-1.jpg\"><img loading=\"lazy\" decoding=\"async\" class=\"alignnone wp-image-187 size-thumbnail\" src=\"http:\/\/www.lesmicrocrechesdelorge.com\/wp-content\/uploads\/2018\/10\/frimousseetenfantillages-9-150x150.jpg\" alt=\"\" width=\"150\" height=\"150\" \/><\/a> <a href=\"https:\/\/lesmicrocrechesdelorge.com\/site\/wp-content\/uploads\/2018\/10\/frimousseetenfantillages-10-1.jpg\"><img loading=\"lazy\" decoding=\"async\" class=\"alignnone wp-image-188 size-thumbnail\" src=\"http:\/\/www.lesmicrocrechesdelorge.com\/wp-content\/uploads\/2018\/10\/frimousseetenfantillages-10-150x150.jpg\" alt=\"\" width=\"150\" height=\"150\" \/><\/a><\/p>\n","protected":false},"excerpt":{"rendered":"<p>Structure d\u2019Eveil Frimousses et Enfantill\u2019\u00e2ges Notre micro-cr\u00e8che Frimousses et Enfantill\u00e2ges a ouvert ses portes le 1er octobre 2018. Id\u00e9alement situ\u00e9e \u00e0 proximit\u00e9 de la gare, proche du Groupe scolaire Saint Louis Saint Cl\u00e9ment et au coeur du Centre ville. Ouverture : Les horaires autoris\u00e9s d\u2019ouverture sont de 07:00 &#8211; 20:00 mais la structure sera ouverte&hellip; <\/p>\n<p class=\"toivo-read-more\"><a href=\"https:\/\/lesmicrocrechesdelorge.com\/site\/index.php\/structure-deveil-frimousses-et-enfantillages\/\" class=\"more-link\">Lire la suite <span class=\"screen-reader-text\">Structure d\u2019\u00e9veil Frimousses et Enfantill\u2019\u00e2ges<\/span><\/a><\/p>\n","protected":false},"author":1,"featured_media":0,"parent":0,"menu_order":0,"comment_status":"closed","ping_status":"closed","template":"","meta":{"footnotes":""},"class_list":{"0":"post-11","1":"page","2":"type-page","3":"status-publish","5":"entry"},"_links":{"self":[{"href":"https:\/\/lesmicrocrechesdelorge.com\/site\/index.php\/wp-json\/wp\/v2\/pages\/11","targetHints":{"allow":["GET"]}}],"collection":[{"href":"https:\/\/lesmicrocrechesdelorge.com\/site\/index.php\/wp-json\/wp\/v2\/pages"}],"about":[{"href":"https:\/\/lesmicrocrechesdelorge.com\/site\/index.php\/wp-json\/wp\/v2\/types\/page"}],"author":[{"embeddable":true,"href":"https:\/\/lesmicrocrechesdelorge.com\/site\/index.php\/wp-json\/wp\/v2\/users\/1"}],"replies":[{"embeddable":true,"href":"https:\/\/lesmicrocrechesdelorge.com\/site\/index.php\/wp-json\/wp\/v2\/comments?post=11"}],"version-history":[{"count":1,"href":"https:\/\/lesmicrocrechesdelorge.com\/site\/index.php\/wp-json\/wp\/v2\/pages\/11\/revisions"}],"predecessor-version":[{"id":537,"href":"https:\/\/lesmicrocrechesdelorge.com\/site\/index.php\/wp-json\/wp\/v2\/pages\/11\/revisions\/537"}],"wp:attachment":[{"href":"https:\/\/lesmicrocrechesdelorge.com\/site\/index.php\/wp-json\/wp\/v2\/media?parent=11"}],"curies":[{"name":"wp","href":"https:\/\/api.w.org\/{rel}","templated":true}]}}